{"id":888,"date":"2023-10-10T18:51:06","date_gmt":"2023-10-10T16:51:06","guid":{"rendered":"https:\/\/closdeslavandes.fr\/?page_id=888"},"modified":"2025-01-10T07:45:21","modified_gmt":"2025-01-10T06:45:21","slug":"nous-contacter","status":"publish","type":"page","link":"https:\/\/closdeslavandes.fr\/index.php\/nous-contacter\/","title":{"rendered":"Nous contacter"},"content":{"rendered":"<div class=\"lpb-clear-section\"><\/div><!-- .lpb-clear-section -->\n\n<div class=\"lpb-page-row\"><!-- .lpb-page-row -->\n<div class=\"lpb-container\"><!-- .lpb-container -->\n<div class=\"lpb-row\"><!-- .lpb-row -->\n\n<div class=\"lpb-col-6 lpb-page-item has-bg\" ><!-- .lpb-page-item -->\n\n<div class=\"lpb-item-image alignment-center\">\n\t\n\t<img width=\"2560\" height=\"1707\" src=\"https:\/\/closdeslavandes.fr\/wp-content\/uploads\/2023\/12\/pexels-carlos-perez-adsuar-anton-1306711-scaled.jpg\" class=\"attachment-full size-full\" alt=\"\" srcset=\"https:\/\/closdeslavandes.fr\/wp-content\/uploads\/2023\/12\/pexels-carlos-perez-adsuar-anton-1306711-scaled.jpg 2560w, https:\/\/closdeslavandes.fr\/wp-content\/uploads\/2023\/12\/pexels-carlos-perez-adsuar-anton-1306711-300x200.jpg 300w, https:\/\/closdeslavandes.fr\/wp-content\/uploads\/2023\/12\/pexels-carlos-perez-adsuar-anton-1306711-1024x683.jpg 1024w, https:\/\/closdeslavandes.fr\/wp-content\/uploads\/2023\/12\/pexels-carlos-perez-adsuar-anton-1306711-768x512.jpg 768w, https:\/\/closdeslavandes.fr\/wp-content\/uploads\/2023\/12\/pexels-carlos-perez-adsuar-anton-1306711-1536x1024.jpg 1536w, https:\/\/closdeslavandes.fr\/wp-content\/uploads\/2023\/12\/pexels-carlos-perez-adsuar-anton-1306711-2048x1365.jpg 2048w\" sizes=\"(max-width: 2560px) 100vw, 2560px\" \/>\n\t\n<\/div>\n<\/div><!-- \/.lpb-page-item -->\n<div class=\"lpb-col-6 lpb-page-item has-bg\" ><!-- .lpb-page-item -->\n\n<div class=\"lpb-item-column\" >\n\t<div class=\"lpb-item-content\"><h5>ENVOYEZ-NOUS UN E-MAIL<\/h5>\n<p><em>Merci d'utiliser ce formulaire de contact pour toutes demandes d'informations.<\/p>\n<p>Les demandes d'admissions pour notre R\u00e9sidence Autonomie ou pour notre EHPAD doivent nous \u00eatre adress\u00e9es UNIQUEMENT par le site internet <strong>ViaTrajectoire<\/strong> accessible directement depuis le menu de notre site internet dans \"admissions\".<\/p>\n\n<div class=\"wpcf7 no-js\" id=\"wpcf7-f884-o2\" lang=\"fr-FR\" dir=\"ltr\" data-wpcf7-id=\"884\">\n<div class=\"screen-reader-response\"><p role=\"status\" aria-live=\"polite\" aria-atomic=\"true\"><\/p> <ul><\/ul><\/div>\n<form action=\"\/index.php\/wp-json\/wp\/v2\/pages\/888#wpcf7-f884-o2\" method=\"post\" class=\"wpcf7-form init\" aria-label=\"Formulaire de contact\" enctype=\"multipart\/form-data\" novalidate=\"novalidate\" data-status=\"init\">\n<fieldset class=\"hidden-fields-container\"><input type=\"hidden\" name=\"_wpcf7\" value=\"884\" \/><input type=\"hidden\" name=\"_wpcf7_version\" value=\"6.1.5\" \/><input type=\"hidden\" name=\"_wpcf7_locale\" value=\"fr_FR\" \/><input type=\"hidden\" name=\"_wpcf7_unit_tag\" value=\"wpcf7-f884-o2\" \/><input type=\"hidden\" name=\"_wpcf7_container_post\" value=\"0\" \/><input type=\"hidden\" name=\"_wpcf7_posted_data_hash\" value=\"\" \/><input type=\"hidden\" name=\"_wpcf7_recaptcha_response\" value=\"\" \/>\n<\/fieldset>\n<p><label> Votre nom et pr\u00e9nom<br \/>\n<span class=\"wpcf7-form-control-wrap\" data-name=\"your-name\"><input size=\"40\" maxlength=\"400\" class=\"wpcf7-form-control wpcf7-text wpcf7-validates-as-required\" aria-required=\"true\" aria-invalid=\"false\" value=\"\" type=\"text\" name=\"your-name\" \/><\/span> <\/label>\n<\/p>\n<p><label> Votre e-mail<br \/>\n<span class=\"wpcf7-form-control-wrap\" data-name=\"your-email\"><input size=\"40\" maxlength=\"400\" class=\"wpcf7-form-control wpcf7-email wpcf7-validates-as-required wpcf7-text wpcf7-validates-as-email\" aria-required=\"true\" aria-invalid=\"false\" value=\"\" type=\"email\" name=\"your-email\" \/><\/span> <\/label>\n<\/p>\n<p><label> Votre t\u00e9l\u00e9phone<br \/>\n<span class=\"wpcf7-form-control-wrap\" data-name=\"tel-757\"><input size=\"40\" maxlength=\"400\" class=\"wpcf7-form-control wpcf7-tel wpcf7-validates-as-required wpcf7-text wpcf7-validates-as-tel\" aria-required=\"true\" aria-invalid=\"false\" value=\"\" type=\"tel\" name=\"tel-757\" \/><\/span> <\/label>\n<\/p>\n<p><label> Votre message<br \/>\n<span class=\"wpcf7-form-control-wrap\" data-name=\"your-message\"><textarea cols=\"40\" rows=\"10\" maxlength=\"2000\" class=\"wpcf7-form-control wpcf7-textarea wpcf7-validates-as-required\" aria-required=\"true\" aria-invalid=\"false\" name=\"your-message\"><\/textarea><\/span> <\/label>\n<\/p>\n<p><span class=\"wpcf7-form-control-wrap\" data-name=\"file-fichier1\"><input size=\"40\" class=\"wpcf7-form-control wpcf7-file\" accept=\".jpeg,.png,.tiff,.raw,.gif,.jpg\" aria-invalid=\"false\" type=\"file\" name=\"file-fichier1\" \/><\/span>\n<\/p>\n<p><span class=\"wpcf7-form-control-wrap\" data-name=\"acceptance-844\"><span class=\"wpcf7-form-control wpcf7-acceptance\"><span class=\"wpcf7-list-item\"><label><input type=\"checkbox\" name=\"acceptance-844\" value=\"1\" aria-invalid=\"false\" \/><span class=\"wpcf7-list-item-label\">J'autorise ce site \u00e0 conserver mes donn\u00e9es transmises via ce formulaire de contact.<\/span><\/label><\/span><\/span><\/span>\n<\/p>\n<p><input class=\"wpcf7-form-control wpcf7-submit has-spinner\" type=\"submit\" value=\"Envoyer\" \/>\n<\/p><input type='hidden' class='wpcf7-pum' value='{\"closepopup\":false,\"closedelay\":0,\"openpopup\":false,\"openpopup_id\":0}' \/><div class=\"wpcf7-response-output\" aria-hidden=\"true\"><\/div>\n<\/form>\n<\/div>\n\n<\/div>\n<\/div>\n<\/div><!-- \/.lpb-page-item -->\n<\/div><!-- \/.lpb-row -->\n<\/div><!-- \/.lpb-container -->\n<\/div><!-- \/.lpb-page-row -->\n\n","protected":false},"excerpt":{"rendered":"<p>ENVOYEZ-NOUS UN E-MAIL Merci d&rsquo;utiliser ce formulaire de contact pour toutes demandes d&rsquo;informations. Les demandes d&rsquo;admissions pour notre R\u00e9sidence Autonomie ou pour notre EHPAD doivent nous \u00eatre adress\u00e9es UNIQUEMENT par le site internet ViaTrajectoire accessible directement depuis le menu de notre site internet dans \u00ab\u00a0admissions\u00a0\u00bb. Votre nom et pr\u00e9nom Votre e-mail Votre t\u00e9l\u00e9phone Votre message [&hellip;]<\/p>\n","protected":false},"author":2,"featured_media":0,"parent":0,"menu_order":0,"comment_status":"closed","ping_status":"closed","template":"","meta":{"footnotes":""},"class_list":["post-888","page","type-page","status-publish","hentry"],"aioseo_notices":[],"_links":{"self":[{"href":"https:\/\/closdeslavandes.fr\/index.php\/wp-json\/wp\/v2\/pages\/888","targetHints":{"allow":["GET"]}}],"collection":[{"href":"https:\/\/closdeslavandes.fr\/index.php\/wp-json\/wp\/v2\/pages"}],"about":[{"href":"https:\/\/closdeslavandes.fr\/index.php\/wp-json\/wp\/v2\/types\/page"}],"author":[{"embeddable":true,"href":"https:\/\/closdeslavandes.fr\/index.php\/wp-json\/wp\/v2\/users\/2"}],"replies":[{"embeddable":true,"href":"https:\/\/closdeslavandes.fr\/index.php\/wp-json\/wp\/v2\/comments?post=888"}],"version-history":[{"count":21,"href":"https:\/\/closdeslavandes.fr\/index.php\/wp-json\/wp\/v2\/pages\/888\/revisions"}],"predecessor-version":[{"id":1641,"href":"https:\/\/closdeslavandes.fr\/index.php\/wp-json\/wp\/v2\/pages\/888\/revisions\/1641"}],"wp:attachment":[{"href":"https:\/\/closdeslavandes.fr\/index.php\/wp-json\/wp\/v2\/media?parent=888"}],"curies":[{"name":"wp","href":"https:\/\/api.w.org\/{rel}","templated":true}]}}