{"id":856,"date":"2023-10-10T15:43:11","date_gmt":"2023-10-10T13:43:11","guid":{"rendered":"https:\/\/closdeslavandes.fr\/?page_id=856"},"modified":"2023-11-30T20:39:06","modified_gmt":"2023-11-30T19:39:06","slug":"la-methode-montessori","status":"publish","type":"page","link":"https:\/\/closdeslavandes.fr\/index.php\/la-methode-montessori\/","title":{"rendered":"LA M\u00c9THODE MONTESSORI"},"content":{"rendered":"<div class=\"lpb-clear-section\"><\/div><!-- .lpb-clear-section -->\n\n<div class=\"lpb-page-row\"><!-- .lpb-page-row -->\n<div class=\"lpb-container\"><!-- .lpb-container -->\n<div class=\"lpb-row\"><!-- .lpb-row -->\n\n<div class=\"lpb-col-12 lpb-page-item has-bg\" ><!-- .lpb-page-item -->\n\n<hr class=\"lpb-item-line\">\n<\/div><!-- \/.lpb-page-item -->\n\n<\/div><!-- \/.lpb-row -->\n<\/div><!-- \/.lpb-container -->\n<\/div><!-- \/.lpb-page-row -->\n\n<div class=\"lpb-page-row\"><!-- .lpb-page-row -->\n<div class=\"lpb-container\"><!-- .lpb-container -->\n<div class=\"lpb-row\"><!-- .lpb-row -->\n\n<div class=\"lpb-col-12 lpb-page-item has-bg\" ><!-- .lpb-page-item -->\n\n<div class=\"lpb-item-column\" >\n\t<div class=\"lpb-item-content\"><div style=\"text-align: center\">\n<h5>Initialement con\u00e7ue pour les enfants, la m\u00e9thode Montessori a \u00e9t\u00e9 adapt\u00e9e pour la rendre accessible \u00e0 un public<br \/>\nde personnes \u00e2g\u00e9es.<\/p>\n<p>Cette m\u00e9thode aide les r\u00e9sidents souffrant de troubles cognitifs \u00e0 \u00eatre plus autonomes et \u00e0 se sentir utiles au sein de l\u2019EHPAD. Elle donne des outils aux soignants pour contourner les d\u00e9faillances dues \u00e0 la vieillesse, la maladie ou le handicap.<\/p>\n<p>Elle repose sur trois valeurs cl\u00e9s qui sont le respect, la dignit\u00e9 et l\u2019\u00e9galit\u00e9.<\/h5>\n<\/div>\n<\/div>\n<\/div>\n<\/div><!-- \/.lpb-page-item -->\n<\/div><!-- \/.lpb-row -->\n<\/div><!-- \/.lpb-container -->\n<\/div><!-- \/.lpb-page-row -->\n\n","protected":false},"excerpt":{"rendered":"<p>Initialement con\u00e7ue pour les enfants, la m\u00e9thode Montessori a \u00e9t\u00e9 adapt\u00e9e pour la rendre accessible \u00e0 un public de personnes \u00e2g\u00e9es. Cette m\u00e9thode aide les r\u00e9sidents souffrant de troubles cognitifs \u00e0 \u00eatre plus autonomes et \u00e0 se sentir utiles au sein de l\u2019EHPAD. Elle donne des outils aux soignants pour contourner les d\u00e9faillances dues \u00e0 [&hellip;]<\/p>\n","protected":false},"author":2,"featured_media":0,"parent":0,"menu_order":0,"comment_status":"closed","ping_status":"closed","template":"","meta":{"footnotes":""},"class_list":["post-856","page","type-page","status-publish","hentry"],"aioseo_notices":[],"_links":{"self":[{"href":"https:\/\/closdeslavandes.fr\/index.php\/wp-json\/wp\/v2\/pages\/856","targetHints":{"allow":["GET"]}}],"collection":[{"href":"https:\/\/closdeslavandes.fr\/index.php\/wp-json\/wp\/v2\/pages"}],"about":[{"href":"https:\/\/closdeslavandes.fr\/index.php\/wp-json\/wp\/v2\/types\/page"}],"author":[{"embeddable":true,"href":"https:\/\/closdeslavandes.fr\/index.php\/wp-json\/wp\/v2\/users\/2"}],"replies":[{"embeddable":true,"href":"https:\/\/closdeslavandes.fr\/index.php\/wp-json\/wp\/v2\/comments?post=856"}],"version-history":[{"count":6,"href":"https:\/\/closdeslavandes.fr\/index.php\/wp-json\/wp\/v2\/pages\/856\/revisions"}],"predecessor-version":[{"id":1167,"href":"https:\/\/closdeslavandes.fr\/index.php\/wp-json\/wp\/v2\/pages\/856\/revisions\/1167"}],"wp:attachment":[{"href":"https:\/\/closdeslavandes.fr\/index.php\/wp-json\/wp\/v2\/media?parent=856"}],"curies":[{"name":"wp","href":"https:\/\/api.w.org\/{rel}","templated":true}]}}