{"id":796,"date":"2023-10-10T13:13:27","date_gmt":"2023-10-10T11:13:27","guid":{"rendered":"https:\/\/closdeslavandes.fr\/?page_id=796"},"modified":"2025-05-27T15:22:13","modified_gmt":"2025-05-27T13:22:13","slug":"notre-jardin-therapeutique","status":"publish","type":"page","link":"https:\/\/closdeslavandes.fr\/index.php\/notre-jardin-therapeutique\/","title":{"rendered":"LE JARDIN TH\u00c9RAPEUTIQUE"},"content":{"rendered":"<div class=\"lpb-clear-section\"><\/div><!-- .lpb-clear-section -->\n\n<div class=\"lpb-page-row\"><!-- .lpb-page-row -->\n<div class=\"lpb-container\"><!-- .lpb-container -->\n<div class=\"lpb-row\"><!-- .lpb-row -->\n\n<div class=\"lpb-col-12 lpb-page-item has-bg\" ><!-- .lpb-page-item -->\n\n<hr class=\"lpb-item-line\">\n<\/div><!-- \/.lpb-page-item -->\n\n<\/div><!-- \/.lpb-row -->\n<\/div><!-- \/.lpb-container -->\n<\/div><!-- \/.lpb-page-row -->\n\n<div class=\"lpb-page-row\"><!-- .lpb-page-row -->\n<div class=\"lpb-container\"><!-- .lpb-container -->\n<div class=\"lpb-row\"><!-- .lpb-row -->\n\n<div class=\"lpb-col-12 lpb-page-item has-bg\" ><!-- .lpb-page-item -->\n\n<div class=\"lpb-item-column\" >\n\t<div class=\"lpb-item-content\"><div style=\"text-align: center\">\n<h5>Le jardin th\u00e9rapeutique du clos des lavandes a \u00e9t\u00e9 cr\u00e9\u00e9 en f\u00e9vrier 2023. Ce jardin se trouve sur la terrasse du 1er \u00e9tage.<\/p>\n<p>Le jardin th\u00e9rapeutique est un lieu qui permet l\u2019\u00e9vasion, le refuge, un lieu de distraction, lieu d\u2019interaction sociale propice \u00e0 la r\u00e9duction du stress et de l'anxi\u00e9t\u00e9. Il est aussi un support pour le d\u00e9veloppement de la cr\u00e9ativit\u00e9.<\/p>\n<p>Le jardin th\u00e9rapeutique est une th\u00e9rapie non m\u00e9dicamenteuse.<\/p>\n<p>Il se compose de plantes d\u2019ornements, arbres fruitiers, bac pour le potager, plantes aromatiques.<\/p>\n<p><strong>Les activit\u00e9s propos\u00e9es dans le jardin th\u00e9rapeutique :<\/strong><\/p>\n<p>-\tAtelier de Jardinage<\/p>\n<p>-\tPlantation de bulbe, l\u00e9gumes, fruits<\/p>\n<p>-\tR\u00e9miniscence<\/p>\n<p>-\tStimulation sensorielle<\/p>\n<p>-\tActivit\u00e9s physiques (promenade, gym douce)<\/p>\n<p>-\tAteliers artistiques (d\u00e9velopper la cr\u00e9ativit\u00e9)<\/p>\n<\/h5>\n<\/div>\n<\/div>\n<\/div>\n<\/div><!-- \/.lpb-page-item -->\n\n<\/div><!-- \/.lpb-row -->\n<\/div><!-- \/.lpb-container -->\n<\/div><!-- \/.lpb-page-row -->\n\n<div class=\"lpb-page-row\"><!-- .lpb-page-row -->\n<div class=\"lpb-container\"><!-- .lpb-container -->\n<div class=\"lpb-row\"><!-- .lpb-row -->\n\n<div class=\"lpb-col-12 lpb-page-item has-bg\" ><!-- .lpb-page-item -->\n\n<hr class=\"lpb-item-line\">\n<\/div><!-- \/.lpb-page-item -->\n\n<\/div><!-- \/.lpb-row -->\n<\/div><!-- \/.lpb-container -->\n<\/div><!-- \/.lpb-page-row -->\n\n<div class=\"lpb-page-row\"><!-- .lpb-page-row -->\n<div class=\"lpb-container\"><!-- .lpb-container -->\n<div class=\"lpb-row\"><!-- .lpb-row -->\n\n<div class=\"lpb-col-12 lpb-page-item has-bg\" ><!-- .lpb-page-item -->\n\n\t\t<div class=\"morrison-hotel-gallery flexslider\" data-speed=\"4000\" style=\"max-width:800px\">\n\t\t\t<ul class=\"slides\">\n\t\t\t\t\n\t\t\t\t\t<li>\n\t\t\t\t\t\t<img width=\"2560\" height=\"1920\" src=\"https:\/\/closdeslavandes.fr\/wp-content\/uploads\/2025\/05\/33-scaled.jpg\" class=\"attachment-full size-full\" alt=\"\" \/>\t\t\t\t\t<\/li>\n\n\t\t\t\t\n\t\t\t\t\t<li>\n\t\t\t\t\t\t<img width=\"2560\" height=\"1920\" src=\"https:\/\/closdeslavandes.fr\/wp-content\/uploads\/2025\/05\/34-scaled.jpg\" class=\"attachment-full size-full\" alt=\"\" \/>\t\t\t\t\t<\/li>\n\n\t\t\t\t\n\t\t\t\t\t<li>\n\t\t\t\t\t\t<img width=\"2560\" height=\"1920\" src=\"https:\/\/closdeslavandes.fr\/wp-content\/uploads\/2025\/05\/35-scaled.jpg\" class=\"attachment-full size-full\" alt=\"\" \/>\t\t\t\t\t<\/li>\n\n\t\t\t\t\n\t\t\t\t\t<li>\n\t\t\t\t\t\t<img width=\"2560\" height=\"1920\" src=\"https:\/\/closdeslavandes.fr\/wp-content\/uploads\/2025\/05\/36-scaled.jpg\" class=\"attachment-full size-full\" alt=\"\" \/>\t\t\t\t\t<\/li>\n\n\t\t\t\t\n\t\t\t\t\t<li>\n\t\t\t\t\t\t<img width=\"2560\" height=\"1920\" src=\"https:\/\/closdeslavandes.fr\/wp-content\/uploads\/2025\/05\/37-scaled.jpg\" class=\"attachment-full size-full\" alt=\"\" \/>\t\t\t\t\t<\/li>\n\n\t\t\t\t\t\t\t<\/ul>\n\t\t<\/div>\n\t<\/div><!-- \/.lpb-page-item -->\n\n<\/div><!-- \/.lpb-row -->\n<\/div><!-- \/.lpb-container -->\n<\/div><!-- \/.lpb-page-row -->\n\n<div class=\"lpb-page-row\"><!-- .lpb-page-row -->\n<div class=\"lpb-container\"><!-- .lpb-container -->\n<div class=\"lpb-row\"><!-- .lpb-row -->\n\n<div class=\"lpb-col-12 lpb-page-item has-bg\" ><!-- .lpb-page-item -->\n\n\t\t<div class=\"morrison-hotel-gallery flexslider\" data-speed=\"4000\" style=\"max-width:450px\">\n\t\t\t<ul class=\"slides\">\n\t\t\t\t\n\t\t\t\t\t<li>\n\t\t\t\t\t\t<img width=\"1920\" height=\"2560\" src=\"https:\/\/closdeslavandes.fr\/wp-content\/uploads\/2023\/10\/20231010_113118-scaled.jpg\" class=\"attachment-full size-full\" alt=\"\" \/>\t\t\t\t\t<\/li>\n\n\t\t\t\t\n\t\t\t\t\t<li>\n\t\t\t\t\t\t<img width=\"1920\" height=\"2560\" src=\"https:\/\/closdeslavandes.fr\/wp-content\/uploads\/2023\/10\/20231010_113218-scaled.jpg\" class=\"attachment-full size-full\" alt=\"\" \/>\t\t\t\t\t<\/li>\n\n\t\t\t\t\t\t\t<\/ul>\n\t\t<\/div>\n\t<\/div><!-- \/.lpb-page-item -->\n\n<\/div><!-- \/.lpb-row -->\n<\/div><!-- \/.lpb-container -->\n<\/div><!-- \/.lpb-page-row -->\n\n<div class=\"lpb-page-row\"><!-- .lpb-page-row -->\n<div class=\"lpb-container\"><!-- .lpb-container -->\n<div class=\"lpb-row\"><!-- .lpb-row -->\n\n<div class=\"lpb-col-12 lpb-page-item has-bg\" ><!-- .lpb-page-item -->\n\n<hr class=\"lpb-item-line\">\n<\/div><!-- \/.lpb-page-item -->\n<\/div><!-- \/.lpb-row -->\n<\/div><!-- \/.lpb-container -->\n<\/div><!-- \/.lpb-page-row -->\n\n","protected":false},"excerpt":{"rendered":"<p>Le jardin th\u00e9rapeutique du clos des lavandes a \u00e9t\u00e9 cr\u00e9\u00e9 en f\u00e9vrier 2023. Ce jardin se trouve sur la terrasse du 1er \u00e9tage. Le jardin th\u00e9rapeutique est un lieu qui permet l\u2019\u00e9vasion, le refuge, un lieu de distraction, lieu d\u2019interaction sociale propice \u00e0 la r\u00e9duction du stress et de l&rsquo;anxi\u00e9t\u00e9. Il est aussi un support [&hellip;]<\/p>\n","protected":false},"author":2,"featured_media":1430,"parent":0,"menu_order":0,"comment_status":"closed","ping_status":"closed","template":"","meta":{"footnotes":""},"class_list":["post-796","page","type-page","status-publish","has-post-thumbnail","hentry"],"aioseo_notices":[],"_links":{"self":[{"href":"https:\/\/closdeslavandes.fr\/index.php\/wp-json\/wp\/v2\/pages\/796","targetHints":{"allow":["GET"]}}],"collection":[{"href":"https:\/\/closdeslavandes.fr\/index.php\/wp-json\/wp\/v2\/pages"}],"about":[{"href":"https:\/\/closdeslavandes.fr\/index.php\/wp-json\/wp\/v2\/types\/page"}],"author":[{"embeddable":true,"href":"https:\/\/closdeslavandes.fr\/index.php\/wp-json\/wp\/v2\/users\/2"}],"replies":[{"embeddable":true,"href":"https:\/\/closdeslavandes.fr\/index.php\/wp-json\/wp\/v2\/comments?post=796"}],"version-history":[{"count":10,"href":"https:\/\/closdeslavandes.fr\/index.php\/wp-json\/wp\/v2\/pages\/796\/revisions"}],"predecessor-version":[{"id":1431,"href":"https:\/\/closdeslavandes.fr\/index.php\/wp-json\/wp\/v2\/pages\/796\/revisions\/1431"}],"wp:featuredmedia":[{"embeddable":true,"href":"https:\/\/closdeslavandes.fr\/index.php\/wp-json\/wp\/v2\/media\/1430"}],"wp:attachment":[{"href":"https:\/\/closdeslavandes.fr\/index.php\/wp-json\/wp\/v2\/media?parent=796"}],"curies":[{"name":"wp","href":"https:\/\/api.w.org\/{rel}","templated":true}]}}