{"id":794,"date":"2023-10-10T13:12:55","date_gmt":"2023-10-10T11:12:55","guid":{"rendered":"https:\/\/closdeslavandes.fr\/?page_id=794"},"modified":"2023-12-08T17:52:04","modified_gmt":"2023-12-08T16:52:04","slug":"snoezelen","status":"publish","type":"page","link":"https:\/\/closdeslavandes.fr\/index.php\/snoezelen\/","title":{"rendered":"L&rsquo;ESPACE SNOEZELEN"},"content":{"rendered":"<div class=\"lpb-clear-section\"><\/div><!-- .lpb-clear-section -->\n\n<div class=\"lpb-page-row\"><!-- .lpb-page-row -->\n<div class=\"lpb-container\"><!-- .lpb-container -->\n<div class=\"lpb-row\"><!-- .lpb-row -->\n\n<div class=\"lpb-col-12 lpb-page-item has-bg\" ><!-- .lpb-page-item -->\n\n<hr class=\"lpb-item-line\">\n<\/div><!-- \/.lpb-page-item -->\n\n<\/div><!-- \/.lpb-row -->\n<\/div><!-- \/.lpb-container -->\n<\/div><!-- \/.lpb-page-row -->\n\n<div class=\"lpb-page-row\"><!-- .lpb-page-row -->\n<div class=\"lpb-container\"><!-- .lpb-container -->\n<div class=\"lpb-row\"><!-- .lpb-row -->\n\n<div class=\"lpb-col-12 lpb-page-item has-bg\" ><!-- .lpb-page-item -->\n\n<div class=\"lpb-item-column\" >\n\t<div class=\"lpb-item-content\"><div style=\"text-align: center\">\n<h5>Cette m\u00e9thode repose sur la stimulation des 5 sens.<br \/>\nNotre salle \u00ab Snoezelen \u00bb est enti\u00e8rement \u00e9quip\u00e9e et se trouve dans l\u2019Unit\u00e9 de Vie prot\u00e9g\u00e9e.<\/p>\n<p>Le r\u00e9sident est invit\u00e9 dans cet espace multi-sensoriel o\u00f9 plusieurs exp\u00e9riences tactiles, olfactives, visuelles, rythmiques l\u2019invitent \u00e0 la relaxation, la communication et l\u2019\u00e9change.<\/p>\n<p>Cette m\u00e9thode vise \u00e0 apaiser certains comportements (anxi\u00e9t\u00e9, agitation) ou bien \u00e0 les d\u00e9velopper chez certains patients (r\u00e9duction de l\u2019apathie).<\/h5>\n<\/div>\n<\/div>\n<\/div>\n<\/div><!-- \/.lpb-page-item -->\n\n<\/div><!-- \/.lpb-row -->\n<\/div><!-- \/.lpb-container -->\n<\/div><!-- \/.lpb-page-row -->\n\n<div class=\"lpb-page-row\"><!-- .lpb-page-row -->\n<div class=\"lpb-container\"><!-- .lpb-container -->\n<div class=\"lpb-row\"><!-- .lpb-row -->\n\n<div class=\"lpb-col-12 lpb-page-item has-bg\" ><!-- .lpb-page-item -->\n\n<hr class=\"lpb-item-line\">\n<\/div><!-- \/.lpb-page-item -->\n\n<\/div><!-- \/.lpb-row -->\n<\/div><!-- \/.lpb-container -->\n<\/div><!-- \/.lpb-page-row -->\n\n<div class=\"lpb-page-row\"><!-- .lpb-page-row -->\n<div class=\"lpb-container\"><!-- .lpb-container -->\n<div class=\"lpb-row\"><!-- .lpb-row -->\n\n<div class=\"lpb-col-12 lpb-page-item has-bg\" ><!-- .lpb-page-item -->\n\n\t\t<div class=\"morrison-hotel-gallery flexslider\" data-speed=\"4000\" style=\"max-width:800px\">\n\t\t\t<ul class=\"slides\">\n\t\t\t\t\n\t\t\t\t\t<li>\n\t\t\t\t\t\t<img width=\"2560\" height=\"1920\" src=\"https:\/\/closdeslavandes.fr\/wp-content\/uploads\/2023\/12\/20231208_150354-scaled-e1702054222454.jpg\" class=\"attachment-full size-full\" alt=\"\" \/>\t\t\t\t\t<\/li>\n\n\t\t\t\t\n\t\t\t\t\t<li>\n\t\t\t\t\t\t<img width=\"2560\" height=\"1920\" src=\"https:\/\/closdeslavandes.fr\/wp-content\/uploads\/2023\/11\/20231129_093358-scaled.jpg\" class=\"attachment-full size-full\" alt=\"\" \/>\t\t\t\t\t<\/li>\n\n\t\t\t\t\t\t\t<\/ul>\n\t\t<\/div>\n\t<\/div><!-- \/.lpb-page-item -->\n<\/div><!-- \/.lpb-row -->\n<\/div><!-- \/.lpb-container -->\n<\/div><!-- \/.lpb-page-row -->\n\n","protected":false},"excerpt":{"rendered":"<p>Cette m\u00e9thode repose sur la stimulation des 5 sens. Notre salle \u00ab Snoezelen \u00bb est enti\u00e8rement \u00e9quip\u00e9e et se trouve dans l\u2019Unit\u00e9 de Vie prot\u00e9g\u00e9e. Le r\u00e9sident est invit\u00e9 dans cet espace multi-sensoriel o\u00f9 plusieurs exp\u00e9riences tactiles, olfactives, visuelles, rythmiques l\u2019invitent \u00e0 la relaxation, la communication et l\u2019\u00e9change. Cette m\u00e9thode vise \u00e0 apaiser certains comportements [&hellip;]<\/p>\n","protected":false},"author":2,"featured_media":0,"parent":0,"menu_order":0,"comment_status":"closed","ping_status":"closed","template":"","meta":{"footnotes":""},"class_list":["post-794","page","type-page","status-publish","hentry"],"aioseo_notices":[],"_links":{"self":[{"href":"https:\/\/closdeslavandes.fr\/index.php\/wp-json\/wp\/v2\/pages\/794","targetHints":{"allow":["GET"]}}],"collection":[{"href":"https:\/\/closdeslavandes.fr\/index.php\/wp-json\/wp\/v2\/pages"}],"about":[{"href":"https:\/\/closdeslavandes.fr\/index.php\/wp-json\/wp\/v2\/types\/page"}],"author":[{"embeddable":true,"href":"https:\/\/closdeslavandes.fr\/index.php\/wp-json\/wp\/v2\/users\/2"}],"replies":[{"embeddable":true,"href":"https:\/\/closdeslavandes.fr\/index.php\/wp-json\/wp\/v2\/comments?post=794"}],"version-history":[{"count":6,"href":"https:\/\/closdeslavandes.fr\/index.php\/wp-json\/wp\/v2\/pages\/794\/revisions"}],"predecessor-version":[{"id":1099,"href":"https:\/\/closdeslavandes.fr\/index.php\/wp-json\/wp\/v2\/pages\/794\/revisions\/1099"}],"wp:attachment":[{"href":"https:\/\/closdeslavandes.fr\/index.php\/wp-json\/wp\/v2\/media?parent=794"}],"curies":[{"name":"wp","href":"https:\/\/api.w.org\/{rel}","templated":true}]}}