{"id":661,"date":"2023-03-22T15:18:15","date_gmt":"2023-03-22T14:18:15","guid":{"rendered":"https:\/\/closdeslavandes.fr\/?page_id=661"},"modified":"2023-11-30T20:46:37","modified_gmt":"2023-11-30T19:46:37","slug":"les-chambres","status":"publish","type":"page","link":"https:\/\/closdeslavandes.fr\/index.php\/les-chambres\/","title":{"rendered":"Les chambres"},"content":{"rendered":"<div class=\"lpb-clear-section\"><\/div><!-- .lpb-clear-section -->\n\n<div class=\"lpb-page-row\"><!-- .lpb-page-row -->\n<div class=\"lpb-container\"><!-- .lpb-container -->\n<div class=\"lpb-row\"><!-- .lpb-row -->\n\n<div class=\"lpb-col-12 lpb-page-item has-bg\" ><!-- .lpb-page-item -->\n\n<hr class=\"lpb-item-line\">\n<\/div><!-- \/.lpb-page-item -->\n\n<\/div><!-- \/.lpb-row -->\n<\/div><!-- \/.lpb-container -->\n<\/div><!-- \/.lpb-page-row -->\n\n<div class=\"lpb-page-row\"><!-- .lpb-page-row -->\n<div class=\"lpb-container\"><!-- .lpb-container -->\n<div class=\"lpb-row\"><!-- .lpb-row -->\n\n<div class=\"lpb-col-12 lpb-page-item has-bg\" ><!-- .lpb-page-item -->\n\n\t\t<div class=\"morrison-hotel-gallery flexslider\" data-speed=\"4000\" style=\"max-width:800px\">\n\t\t\t<ul class=\"slides\">\n\t\t\t\t\n\t\t\t\t\t<li>\n\t\t\t\t\t\t<img width=\"2560\" height=\"1920\" src=\"https:\/\/closdeslavandes.fr\/wp-content\/uploads\/2023\/03\/CH07-scaled.jpg\" class=\"attachment-full size-full\" alt=\"\" \/>\t\t\t\t\t<\/li>\n\n\t\t\t\t\n\t\t\t\t\t<li>\n\t\t\t\t\t\t<img width=\"2560\" height=\"1920\" src=\"https:\/\/closdeslavandes.fr\/wp-content\/uploads\/2023\/03\/CH02-scaled.jpg\" class=\"attachment-full size-full\" alt=\"\" \/>\t\t\t\t\t<\/li>\n\n\t\t\t\t\n\t\t\t\t\t<li>\n\t\t\t\t\t\t<img width=\"2560\" height=\"1920\" src=\"https:\/\/closdeslavandes.fr\/wp-content\/uploads\/2023\/03\/Ch3-scaled.jpg\" class=\"attachment-full size-full\" alt=\"\" \/>\t\t\t\t\t<\/li>\n\n\t\t\t\t\n\t\t\t\t\t<li>\n\t\t\t\t\t\t<img width=\"2560\" height=\"1920\" src=\"https:\/\/closdeslavandes.fr\/wp-content\/uploads\/2023\/03\/CH03-scaled.jpg\" class=\"attachment-full size-full\" alt=\"\" \/>\t\t\t\t\t<\/li>\n\n\t\t\t\t\n\t\t\t\t\t<li>\n\t\t\t\t\t\t<img width=\"2560\" height=\"1920\" src=\"https:\/\/closdeslavandes.fr\/wp-content\/uploads\/2023\/04\/CH24-bien-scaled.jpg\" class=\"attachment-full size-full\" alt=\"\" \/>\t\t\t\t\t<\/li>\n\n\t\t\t\t\n\t\t\t\t\t<li>\n\t\t\t\t\t\t<img width=\"2560\" height=\"1920\" src=\"https:\/\/closdeslavandes.fr\/wp-content\/uploads\/2023\/03\/SDB01-scaled.jpg\" class=\"attachment-full size-full\" alt=\"\" \/>\t\t\t\t\t<\/li>\n\n\t\t\t\t\n\t\t\t\t\t<li>\n\t\t\t\t\t\t<img width=\"2560\" height=\"1920\" src=\"https:\/\/closdeslavandes.fr\/wp-content\/uploads\/2023\/04\/CH22-bien-scaled.jpg\" class=\"attachment-full size-full\" alt=\"\" \/>\t\t\t\t\t<\/li>\n\n\t\t\t\t\n\t\t\t\t\t<li>\n\t\t\t\t\t\t<img width=\"2560\" height=\"1920\" src=\"https:\/\/closdeslavandes.fr\/wp-content\/uploads\/2023\/04\/CH26-bien-scaled.jpg\" class=\"attachment-full size-full\" alt=\"\" \/>\t\t\t\t\t<\/li>\n\n\t\t\t\t\n\t\t\t\t\t<li>\n\t\t\t\t\t\t<img width=\"2560\" height=\"1920\" src=\"https:\/\/closdeslavandes.fr\/wp-content\/uploads\/2023\/04\/CH23-bien-scaled.jpg\" class=\"attachment-full size-full\" alt=\"\" \/>\t\t\t\t\t<\/li>\n\n\t\t\t\t\t\t\t<\/ul>\n\t\t<\/div>\n\t<\/div><!-- \/.lpb-page-item -->\n\n<\/div><!-- \/.lpb-row -->\n<\/div><!-- \/.lpb-container -->\n<\/div><!-- \/.lpb-page-row -->\n\n<div class=\"lpb-page-row\"><!-- .lpb-page-row -->\n<div class=\"lpb-container\"><!-- .lpb-container -->\n<div class=\"lpb-row\"><!-- .lpb-row -->\n\n<div class=\"lpb-col-12 lpb-page-item has-bg\" ><!-- .lpb-page-item -->\n\n<div class=\"lpb-item-column\" >\n\t<div class=\"lpb-item-content\"><div style=\"text-align: center\">\n<h5>Nos chambres sont distribu\u00e9es sur trois niveaux desservis par trois ascenseurs, et se r\u00e9partissent \u00e0 chaque \u00e9tage autour d\u2019une tisanerie et d\u2019un salon. Elles peuvent \u00eatre personnalis\u00e9es par les r\u00e9sidents selon leur go\u00fbt.<\/p>\n<p>Ces chambres individuelles, d'une superficie de 23 m2, sont \u00e9quip\u00e9es d\u2019une salle d\u2019eau, toilettes et d\u2019une sonnerie d\u2019appel.<\/h5>\n<\/div>\n<\/div>\n<\/div>\n<\/div><!-- \/.lpb-page-item -->\n\n<\/div><!-- \/.lpb-row -->\n<\/div><!-- \/.lpb-container -->\n<\/div><!-- \/.lpb-page-row -->\n\n<div class=\"lpb-page-row\"><!-- .lpb-page-row -->\n<div class=\"lpb-container\"><!-- .lpb-container -->\n<div class=\"lpb-row\"><!-- .lpb-row -->\n\n<div class=\"lpb-col-12 lpb-page-item has-bg\" ><!-- .lpb-page-item -->\n\n<hr class=\"lpb-item-line\">\n<\/div><!-- \/.lpb-page-item -->\n\n<\/div><!-- \/.lpb-row -->\n<\/div><!-- \/.lpb-container -->\n<\/div><!-- \/.lpb-page-row -->\n\n<div class=\"lpb-page-row\"><!-- .lpb-page-row -->\n<div class=\"lpb-container\"><!-- .lpb-container -->\n<div class=\"lpb-row\"><!-- .lpb-row -->\n\n<div class=\"lpb-col-12 lpb-page-item has-bg\" ><!-- .lpb-page-item -->\n\n\t\t<div class=\"morrison-hotel-gallery flexslider\" data-speed=\"4000\" style=\"max-width:500px\">\n\t\t\t<ul class=\"slides\">\n\t\t\t\t\n\t\t\t\t\t<li>\n\t\t\t\t\t\t<img width=\"1920\" height=\"2560\" src=\"https:\/\/closdeslavandes.fr\/wp-content\/uploads\/2023\/03\/CHA-scaled.jpg\" class=\"attachment-full size-full\" alt=\"\" \/>\t\t\t\t\t<\/li>\n\n\t\t\t\t\n\t\t\t\t\t<li>\n\t\t\t\t\t\t<img width=\"1920\" height=\"2560\" src=\"https:\/\/closdeslavandes.fr\/wp-content\/uploads\/2023\/04\/CH28-bien-scaled.jpg\" class=\"attachment-full size-full\" alt=\"\" \/>\t\t\t\t\t<\/li>\n\n\t\t\t\t\n\t\t\t\t\t<li>\n\t\t\t\t\t\t<img width=\"1920\" height=\"2560\" src=\"https:\/\/closdeslavandes.fr\/wp-content\/uploads\/2023\/03\/CHB-scaled.jpg\" class=\"attachment-full size-full\" alt=\"\" \/>\t\t\t\t\t<\/li>\n\n\t\t\t\t\n\t\t\t\t\t<li>\n\t\t\t\t\t\t<img width=\"1920\" height=\"2560\" src=\"https:\/\/closdeslavandes.fr\/wp-content\/uploads\/2023\/03\/Ch9-scaled.jpg\" class=\"attachment-full size-full\" alt=\"\" \/>\t\t\t\t\t<\/li>\n\n\t\t\t\t\n\t\t\t\t\t<li>\n\t\t\t\t\t\t<img width=\"1920\" height=\"2560\" src=\"https:\/\/closdeslavandes.fr\/wp-content\/uploads\/2023\/03\/CH08-scaled.jpg\" class=\"attachment-full size-full\" alt=\"\" \/>\t\t\t\t\t<\/li>\n\n\t\t\t\t\n\t\t\t\t\t<li>\n\t\t\t\t\t\t<img width=\"1920\" height=\"2560\" src=\"https:\/\/closdeslavandes.fr\/wp-content\/uploads\/2023\/04\/SDB11-bien-scaled.jpg\" class=\"attachment-full size-full\" alt=\"\" \/>\t\t\t\t\t<\/li>\n\n\t\t\t\t\n\t\t\t\t\t<li>\n\t\t\t\t\t\t<img width=\"1920\" height=\"2560\" src=\"https:\/\/closdeslavandes.fr\/wp-content\/uploads\/2023\/03\/sdb1-scaled.jpg\" class=\"attachment-full size-full\" alt=\"\" \/>\t\t\t\t\t<\/li>\n\n\t\t\t\t\t\t\t<\/ul>\n\t\t<\/div>\n\t<\/div><!-- \/.lpb-page-item -->\n<\/div><!-- \/.lpb-row -->\n<\/div><!-- \/.lpb-container -->\n<\/div><!-- \/.lpb-page-row -->\n\n","protected":false},"excerpt":{"rendered":"<p>Nos chambres sont distribu\u00e9es sur trois niveaux desservis par trois ascenseurs, et se r\u00e9partissent \u00e0 chaque \u00e9tage autour d\u2019une tisanerie et d\u2019un salon. Elles peuvent \u00eatre personnalis\u00e9es par les r\u00e9sidents selon leur go\u00fbt. Ces chambres individuelles, d&rsquo;une superficie de 23 m2, sont \u00e9quip\u00e9es d\u2019une salle d\u2019eau, toilettes et d\u2019une sonnerie d\u2019appel.<\/p>\n","protected":false},"author":2,"featured_media":0,"parent":0,"menu_order":0,"comment_status":"closed","ping_status":"closed","template":"","meta":{"footnotes":""},"class_list":["post-661","page","type-page","status-publish","hentry"],"aioseo_notices":[],"_links":{"self":[{"href":"https:\/\/closdeslavandes.fr\/index.php\/wp-json\/wp\/v2\/pages\/661","targetHints":{"allow":["GET"]}}],"collection":[{"href":"https:\/\/closdeslavandes.fr\/index.php\/wp-json\/wp\/v2\/pages"}],"about":[{"href":"https:\/\/closdeslavandes.fr\/index.php\/wp-json\/wp\/v2\/types\/page"}],"author":[{"embeddable":true,"href":"https:\/\/closdeslavandes.fr\/index.php\/wp-json\/wp\/v2\/users\/2"}],"replies":[{"embeddable":true,"href":"https:\/\/closdeslavandes.fr\/index.php\/wp-json\/wp\/v2\/comments?post=661"}],"version-history":[{"count":6,"href":"https:\/\/closdeslavandes.fr\/index.php\/wp-json\/wp\/v2\/pages\/661\/revisions"}],"predecessor-version":[{"id":1171,"href":"https:\/\/closdeslavandes.fr\/index.php\/wp-json\/wp\/v2\/pages\/661\/revisions\/1171"}],"wp:attachment":[{"href":"https:\/\/closdeslavandes.fr\/index.php\/wp-json\/wp\/v2\/media?parent=661"}],"curies":[{"name":"wp","href":"https:\/\/api.w.org\/{rel}","templated":true}]}}